




{"id":4790,"date":"2024-05-15T19:11:33","date_gmt":"2024-05-15T19:11:33","guid":{"rendered":"https:\/\/richs.co.id\/?page_id=4790"},"modified":"2024-09-11T20:50:43","modified_gmt":"2024-09-11T20:50:43","slug":"about-us","status":"publish","type":"page","link":"https:\/\/richs.co.id\/en\/about-us\/","title":{"rendered":"About Us"},"content":{"rendered":"<section class=\"block hero\" >\n    \n        <div class=\"background hero-style-default height-default lazyload\" style=\"background-image:inherit;\" data-bg-image=\"url(https:\/\/richs.co.id\/wp-content\/uploads\/2024\/08\/Others-About-Us-Banner-Desktop.jpeg)\">\n                <div class=\"overlay gradient\" style=\"opacity: 0.35;\"><\/div>\n        <div class=\"container\">\n            <div class=\"flex\">\n                <div class=\"content\">\n                                                                <h1 class=\"title\">ABOUT US<\/h1>\n                                                                                                <\/div>\n                <!--CTA BUTTON START-->\n                                <!--CTA BUTTON END-->\n            <\/div>\n        <\/div>\n    <\/div>\n        <\/section>\n\n\n<section class=\"block sliderfour-n default-padding\" >\n    <div class=\"slider_four\">\n        <div class=\"content_four_title\">\n        <h1 id=\"title_four\">Explore Our Story<\/h1>\n    <\/div>\n    <div class=\"slider-container-four\">\n                        \n                <a href=\"https:\/\/richs.co.id\/en\/history\/\" class=\"slider-card-four lazyload\" style=\"background-image:inherit;\" data-bg-image=\"linear-gradient(rgba(0,0,0,0.4),rgba(0,0,0,0.1)),url(https:\/\/richs.co.id\/wp-content\/uploads\/2024\/05\/1945-570x570-1.jpeg)\">\n                    <div class= \"slider-container-text-four\">  \n                        <h1>HISTORY<\/h1>\n                        <p><\/p>\n                    <\/div>  \n                <\/a>\n                        \n                <a href=\"https:\/\/richs.co.id\/en\/leadership\/\" class=\"slider-card-four lazyload\" style=\"background-image:inherit;\" data-bg-image=\"linear-gradient(rgba(0,0,0,0.4),rgba(0,0,0,0.1)),url(https:\/\/richs.co.id\/wp-content\/uploads\/2024\/05\/G-AboutUs-B-03-Leadership-1.jpg)\">\n                    <div class= \"slider-container-text-four\">  \n                        <h1>LEADERSHIP<\/h1>\n                        <p><\/p>\n                    <\/div>  \n                <\/a>\n                        \n                <a href=\"\/en\/our-impact\/\" class=\"slider-card-four lazyload\" style=\"background-image:inherit;\" data-bg-image=\"linear-gradient(rgba(0,0,0,0.4),rgba(0,0,0,0.1)),url(https:\/\/richs.co.id\/wp-content\/uploads\/2024\/05\/G-AboutUs-B-04-Impact-1.jpg)\">\n                    <div class= \"slider-container-text-four\">  \n                        <h1>OUR IMPACT<\/h1>\n                        <p><\/p>\n                    <\/div>  \n                <\/a>\n                <\/div>\n    <div class=\"controls_btn\">\n        <div class=\"control_btn\">\n            <button class=\"slider-btn-four prev-btn-four\"><\/button>\n            <button class=\"slider-btn-four next-btn-four\"><\/button>\n        <\/div>\n    <\/div>\n<\/div><\/section>\n\n\n<section class=\"block bannerour-n default-padding\" >\n    \n<div class=\"bannerour_n\">    \n    <img decoding=\"async\" data-src=\"https:\/\/richs.co.id\/wp-content\/uploads\/2024\/05\/Bussines-Plant-Based-Banner-Desktop.png\" alt=\"\" id=\"banner9_img\" src=\"data:image\/gif;base64,R0lGODlhAQABAAAAACH5BAEKAAEALAAAAAABAAEAAAICTAEAOw==\" class=\"lazyload\">\n    <div class=\"content_banner9_t\">\n        <div class=\"contenido_banner9_n\">\n        <div class=\"texts\">\n            <h1>Explore Our Story<\/h1>\n            <p id=\"text1\">We\u2019re a family-owned food company dedicated to inspiring possibilities.<\/p>\n            <p id=\"text2\"><\/p>\n            <a href=\"https:\/\/richs.co.id\/en\/food-service\/\" id=\"btn_n\" class=\"btn_a1\">BUSINESS SOLUTIONS<img decoding=\"async\" data-src=\"https:\/\/richs.co.id\/wp-content\/themes\/richs.com-wordpress-theme\/assets\/dist\/images-reskin\/red-right-arrow.svg\" alt=\"\" id=\"icon_btn\" src=\"data:image\/gif;base64,R0lGODlhAQABAAAAACH5BAEKAAEALAAAAAABAAEAAAICTAEAOw==\" class=\"lazyload\"><\/a>        <\/div>\n        <\/div>\n        <!-- <div class=\"contenido_banner9_n\"><\/div> -->\n    <\/div>\n<\/div>\n\n<script>\n    window.addEventListener('DOMContentLoaded', function() {\n        \/\/ Obtener la referencia de la imagen\n        const bannerImg = document.getElementById('banner9_img');\n\n        \/\/ Funci\u00f3n para cambiar la imagen\n        function cambiarImagen() {\n            \/\/ Obtener el ancho de la ventana del navegador\n            const windowWidth = window.innerWidth;\n            \/\/ Obtener la URL de la segunda imagen\n            const newImageUrl = (windowWidth < 769) ? 'https:\/\/richs.co.id\/wp-content\/uploads\/2024\/05\/Bussines-Plant-Based-Banner-Desktop.png' : 'https:\/\/richs.co.id\/wp-content\/uploads\/2024\/05\/Bussines-Plant-Based-Banner-Desktop.png';\n            \/\/ Cambiar la imagen\n            bannerImg.src = newImageUrl;\n        }\n\n        \/\/ Llamar a la funci\u00f3n al cargar la p\u00e1gina y al cambiar el tama\u00f1o de la ventana\n        cambiarImagen();\n        window.addEventListener('resize', cambiarImagen);\n    });\n<\/script><\/section>\n\n\n<section class=\"block banner default-padding\" id=\"\">\n        <div class=\"banner-carousel-container style-default\">\n        <slick-carousel :options=\"{&quot;slidesToShow&quot;:1,&quot;slidesToScroll&quot;:1,&quot;prevArrow&quot;:&quot;&quot;,&quot;nextArrow&quot;:&quot;&lt;button type=\\&quot;button\\&quot; class=\\&quot;slick-next\\&quot;&gt;&lt;\\\/button&gt;&quot;,&quot;speed&quot;:800,&quot;dots&quot;:false}\" class=\"carousel timed-carousel\">\n                            <div class=\"background-wrapper\" style=\"background-image:url();  \">\n                                        <div class=\"overlay gradient\" style=\"opacity: 0;\"><\/div>\n                    <div class=\"container\">\n                        <div class=\"content side-right\">\n                                                        \n                                                                                                <h2 class=\"title\" style=\"color: #d31145;\">POWERED BY PARTNERSHIP<\/h2>\n                                                                                        \n                                                        \n                                                                                                <p class=\"text\" style=\"color: black;\">From innovative products to hands-on expertise, we bring creative solutions to food industry professionals around the world, helping unlock new possibilities to captivate consumers and grow your business. From foodservice and retail to in-store bakery, deli and prepared foods, among others, our goal is to be your trusted partner, helping you delight customers and stay competitive, no matter where the market moves.\r\n<\/p>\n                                                                                            \n                            \n                                                                                <\/div>\n                        \n                         \n                            <div class=\"content side-right\">\n                                <img decoding=\"async\" data-src=\"https:\/\/richs.co.id\/wp-content\/uploads\/2024\/05\/G-AboutUs-D-02-scaled.jpg\"  src=\"data:image\/gif;base64,R0lGODlhAQABAAAAACH5BAEKAAEALAAAAAABAAEAAAICTAEAOw==\" class=\"lazyload\">\n                            <\/div>\n                                                \n                    <\/div>\n                                            <div class=\"remodal photo\" data-remodal-options=\"hashTracking: false\" data-remodal-id=\"recipe-0\">\n                            <button data-remodal-action=\"close\" class=\"remodal-close\"><\/button>\n                            <div class=\"remodal-close actions\">\n                                <a title=\"Download\" class=\"download\" href=\"https:\/\/richs.co.id\/wp-content\/uploads\/2024\/05\/G-AboutUs-D-02-scaled.jpg\" download>\n                                    <svg fill=\"none\" stroke=\"currentColor\" stroke-linecap=\"round\" stroke-linejoin=\"round\" stroke-width=\"2\" viewbox=\"0 0 24 24\" class=\"w-8 h-8\"><path d=\"M12 10v6m0 0l-3-3m3 3l3-3m2 8H7a2 2 0 01-2-2V5a2 2 0 012-2h5.586a1 1 0 01.707.293l5.414 5.414a1 1 0 01.293.707V19a2 2 0 01-2 2z\"><\/path><\/svg>\n                                <\/a>\n                                <a title=\"E-Mail\" class=\"email\" href=\"mailto:?subject=I found this recipe you might like&#038;body=https:\/\/richs.co.id\/wp-content\/uploads\/2024\/05\/G-AboutUs-D-02-scaled.jpg\">\n                                    <svg fill=\"none\" stroke=\"currentColor\" stroke-linecap=\"round\" stroke-linejoin=\"round\" stroke-width=\"2\" viewbox=\"0 0 24 24\" class=\"w-8 h-8\"><path d=\"M3 8l7.89 5.26a2 2 0 002.22 0L21 8M5 19h14a2 2 0 002-2V7a2 2 0 00-2-2H5a2 2 0 00-2 2v10a2 2 0 002 2z\"><\/path><\/svg>\n                                <\/a>\n                            <\/div>\n                            <img decoding=\"async\" class=\"mx-auto h-auto lazyload\" data-src=\"https:\/\/richs.co.id\/wp-content\/uploads\/2024\/05\/G-AboutUs-D-02-scaled.jpg\" src=\"data:image\/gif;base64,R0lGODlhAQABAAAAACH5BAEKAAEALAAAAAABAAEAAAICTAEAOw==\">\n                        <\/div>\n                                    <\/div>\n                    <\/slick-carousel>\n    <\/div>\n<\/section>\n\n\n<section class=\"block container-banner-help default-padding\" >\n    \n<div class= \"container-banner-help\">\n    <div class=\"banner-help lazyload\" style=\"background-image:inherit;\" data-bg-image=\"url(&#039;https:\/\/richs.co.id\/wp-content\/themes\/richs.com-wordpress-theme\/assets\/dist\/images-reskin\/pleca.png&#039;)\">\n        <div class=\"help-img\"><\/div>\n        <div class=\"help-text\">\n            <h2>HOW CAN WE HELP?<\/h2>\n            <p>We have the insight, expertise and solutions to handle any culinary challenge. Let\u2019s start the conversation.<\/p>\n        <\/div>\n        <div class=\"help-btn\">\n            <div class=\"conainer-help-btn\">\n                <a href=\"https:\/\/richs.co.id\/en\/get-in-touch\/\">\u200b\u200b\u200bCONTACT US<img decoding=\"async\" data-src=\"https:\/\/richs.co.id\/wp-content\/themes\/richs.com-wordpress-theme\/assets\/dist\/images-reskin\/chevron.png\" alt=\"icon chevron\" src=\"data:image\/gif;base64,R0lGODlhAQABAAAAACH5BAEKAAEALAAAAAABAAEAAAICTAEAOw==\" class=\"lazyload\"><\/a>\n            <\/div>\n        <\/div>\n    <\/div>\n<\/div><\/section>\n\n\n<section class=\"block header-mid-opacity default-padding\" >\n    \n<div class=\"header-mid-opacity\" >\n<div class=\"container lazyload\" style=\"background-image:inherit;\" data-bg-image=\"linear-gradient(to left, rgba(0, 0, 0, 0.83) 45%, rgba(0, 0, 0, 0) 70%), url(https:\/\/richs.co.id\/wp-content\/uploads\/2024\/06\/ID-About-Us-Image-1.jpg)\">\n        <div class=\"opacity\"><\/div>\n        <div class=\"info\">\n            <h1> OUR VALUES <\/h1>\n                            <h5>CHERISH OUR CULTURE<\/h5>\n                <p>Work, learn and celebrate together<\/p>\n                            <h5>BE THE TRUSTED FIRST CHOICE<\/h5>\n                <p>Listen, understand and deliver for customers like no other company.<\/p>\n                            <h5>INNOVATE<\/h5>\n                <p>Imagine what's possible and create what's valued<\/p>\n                            <h5>DO WHATS RIGHT<\/h5>\n                <p>No matter what<\/p>\n                            <h5>BETTER OUR COMMUNITIES<\/h5>\n                <p>Devote time and talent where we live and work<\/p>\n                    <\/div>\n        \n    <\/div>\n<\/div>\n\n    \n\n\n<\/section>\n\n\n<section class=\"block call-to-action default-padding background-gradient-with-text\" id=\"\">\n    <div class=\"container\">\n    <div class=\"cta-box\">\n                    <h2 class=\"title\">THE RICH EXPERIENCE <br><h4>YOUR SUCCESS IS OUR SUCCESS<\/h4><\/h2>\n                            <div class=\"text\">At Rich's, how we conduct our business is as important as what we do. We are proud to be a family-owned company for several generations, with active second and third-generation family members and future generations getting involved early on. As a global leader in the food industry, we honour the vision of our founder, Robert E. Rich, Sr. Since 1945, our commitment to our customers, partners, and community has remained strong. Operating in over 100 countries with more than 11,000 associates worldwide, Rich's emphasizes the values of family. \u200b\n\nRich's R - Unlimited Possibilities. One Family.\u200b<\/div>\n                            <a class=\"btn\" href=\"#\" target=\"\">HISTORY<\/a>\n            <\/div>\n<\/div><\/section>\n\n\n\n\n<section class=\"block link-cards default-padding\" >\n        <div class=\"container\">\n        <h1 class=\"block-title\">WHAT WOULD YOU LIKE TO DO NEXT?<\/h1>\n        <div class=\"control_btn d-flex d-lg-none flex-row-reverse mb-3\">\n            <button class=\"slider-btn-three me-1\" id=\"next-btn-card-link\"><\/button>    \n            <button class=\"slider-btn-three me-3\" id=\"prev-btn-card-link\"><\/button>\n        <\/div>\n        <div class=\"container-cards\" id=\"cards-links-overflow\">\n            <div class=\"flex flex-row content-wrapper\">\n                                    <div class=\"link-card mb-0\">\n                        <div class=\"wrapper\">\n                            <div class=\"card-content\">\n                                <h3 class=\"link-title\">Our Impact<\/h3>\n                                <div class=\"link-text\"><\/div>\n                            <\/div>\n                            <i class=\"fas fa-chevron-right\"><\/i>\n                        <\/div>\n                        <a class=\"full\" href=\"#\" target=\"\">Our Impact<\/a>\n                    <\/div>\n                                    <div class=\"link-card mb-0\">\n                        <div class=\"wrapper\">\n                            <div class=\"card-content\">\n                                <h3 class=\"link-title\">See Products<\/h3>\n                                <div class=\"link-text\"><\/div>\n                            <\/div>\n                            <i class=\"fas fa-chevron-right\"><\/i>\n                        <\/div>\n                        <a class=\"full\" href=\"https:\/\/richs.co.id\/en\/produk\/\" target=\"\">See Products<\/a>\n                    <\/div>\n                                    <div class=\"link-card mb-0\">\n                        <div class=\"wrapper\">\n                            <div class=\"card-content\">\n                                <h3 class=\"link-title\">Find Rich\u2019s<\/h3>\n                                <div class=\"link-text\"><\/div>\n                            <\/div>\n                            <i class=\"fas fa-chevron-right\"><\/i>\n                        <\/div>\n                        <a class=\"full\" href=\"#\" target=\"\">Find Rich\u2019s<\/a>\n                    <\/div>\n                            <\/div>\n        <\/div>\n    <\/div>\n<\/section>","protected":false},"excerpt":{"rendered":"","protected":false},"author":2,"featured_media":0,"parent":0,"menu_order":0,"comment_status":"closed","ping_status":"closed","template":"","meta":{"footnotes":""},"class_list":["post-4790","page","type-page","status-publish","hentry"],"acf":[],"yoast_head":"<!-- This site is optimized with the Yoast SEO plugin v23.4 - https:\/\/yoast.com\/wordpress\/plugins\/seo\/ -->\n<title>About Us - Richs Indonesia<\/title>\n<meta name=\"robots\" content=\"index, follow, max-snippet:-1, max-image-preview:large, max-video-preview:-1\" \/>\n<link rel=\"canonical\" href=\"https:\/\/richs.co.id\/en\/about-us\/\" \/>\n<meta property=\"og:locale\" content=\"en_US\" \/>\n<meta property=\"og:type\" content=\"article\" \/>\n<meta property=\"og:title\" content=\"About Us - Richs Indonesia\" \/>\n<meta property=\"og:url\" content=\"https:\/\/richs.co.id\/en\/about-us\/\" \/>\n<meta property=\"og:site_name\" content=\"Richs Indonesia\" \/>\n<meta property=\"article:modified_time\" content=\"2024-09-11T20:50:43+00:00\" \/>\n<meta name=\"twitter:card\" content=\"summary_large_image\" \/>\n<script type=\"application\/ld+json\" class=\"yoast-schema-graph\">{\"@context\":\"https:\/\/schema.org\",\"@graph\":[{\"@type\":\"WebPage\",\"@id\":\"https:\/\/richs.co.id\/about-us\/\",\"url\":\"https:\/\/richs.co.id\/about-us\/\",\"name\":\"About Us - Richs Indonesia\",\"isPartOf\":{\"@id\":\"https:\/\/richs.co.id\/#website\"},\"datePublished\":\"2024-05-15T19:11:33+00:00\",\"dateModified\":\"2024-09-11T20:50:43+00:00\",\"breadcrumb\":{\"@id\":\"https:\/\/richs.co.id\/about-us\/#breadcrumb\"},\"inLanguage\":\"en-US\",\"potentialAction\":[{\"@type\":\"ReadAction\",\"target\":[\"https:\/\/richs.co.id\/about-us\/\"]}]},{\"@type\":\"BreadcrumbList\",\"@id\":\"https:\/\/richs.co.id\/about-us\/#breadcrumb\",\"itemListElement\":[{\"@type\":\"ListItem\",\"position\":1,\"name\":\"Home\",\"item\":\"https:\/\/richs.co.id\/\"},{\"@type\":\"ListItem\",\"position\":2,\"name\":\"About Us\"}]},{\"@type\":\"WebSite\",\"@id\":\"https:\/\/richs.co.id\/#website\",\"url\":\"https:\/\/richs.co.id\/\",\"name\":\"Richs Indonesia\",\"description\":\"\",\"potentialAction\":[{\"@type\":\"SearchAction\",\"target\":{\"@type\":\"EntryPoint\",\"urlTemplate\":\"https:\/\/richs.co.id\/?s={search_term_string}\"},\"query-input\":{\"@type\":\"PropertyValueSpecification\",\"valueRequired\":true,\"valueName\":\"search_term_string\"}}],\"inLanguage\":\"en-US\"}]}<\/script>\n<!-- \/ Yoast SEO plugin. -->","yoast_head_json":{"title":"About Us - Richs Indonesia","robots":{"index":"index","follow":"follow","max-snippet":"max-snippet:-1","max-image-preview":"max-image-preview:large","max-video-preview":"max-video-preview:-1"},"canonical":"https:\/\/richs.co.id\/en\/about-us\/","og_locale":"en_US","og_type":"article","og_title":"About Us - Richs Indonesia","og_url":"https:\/\/richs.co.id\/en\/about-us\/","og_site_name":"Richs Indonesia","article_modified_time":"2024-09-11T20:50:43+00:00","twitter_card":"summary_large_image","schema":{"@context":"https:\/\/schema.org","@graph":[{"@type":"WebPage","@id":"https:\/\/richs.co.id\/about-us\/","url":"https:\/\/richs.co.id\/about-us\/","name":"About Us - Richs Indonesia","isPartOf":{"@id":"https:\/\/richs.co.id\/#website"},"datePublished":"2024-05-15T19:11:33+00:00","dateModified":"2024-09-11T20:50:43+00:00","breadcrumb":{"@id":"https:\/\/richs.co.id\/about-us\/#breadcrumb"},"inLanguage":"en-US","potentialAction":[{"@type":"ReadAction","target":["https:\/\/richs.co.id\/about-us\/"]}]},{"@type":"BreadcrumbList","@id":"https:\/\/richs.co.id\/about-us\/#breadcrumb","itemListElement":[{"@type":"ListItem","position":1,"name":"Home","item":"https:\/\/richs.co.id\/"},{"@type":"ListItem","position":2,"name":"About Us"}]},{"@type":"WebSite","@id":"https:\/\/richs.co.id\/#website","url":"https:\/\/richs.co.id\/","name":"Richs Indonesia","description":"","potentialAction":[{"@type":"SearchAction","target":{"@type":"EntryPoint","urlTemplate":"https:\/\/richs.co.id\/?s={search_term_string}"},"query-input":{"@type":"PropertyValueSpecification","valueRequired":true,"valueName":"search_term_string"}}],"inLanguage":"en-US"}]}},"_links":{"self":[{"href":"https:\/\/richs.co.id\/en\/wp-json\/wp\/v2\/pages\/4790","targetHints":{"allow":["GET"]}}],"collection":[{"href":"https:\/\/richs.co.id\/en\/wp-json\/wp\/v2\/pages"}],"about":[{"href":"https:\/\/richs.co.id\/en\/wp-json\/wp\/v2\/types\/page"}],"author":[{"embeddable":true,"href":"https:\/\/richs.co.id\/en\/wp-json\/wp\/v2\/users\/2"}],"replies":[{"embeddable":true,"href":"https:\/\/richs.co.id\/en\/wp-json\/wp\/v2\/comments?post=4790"}],"version-history":[{"count":161,"href":"https:\/\/richs.co.id\/en\/wp-json\/wp\/v2\/pages\/4790\/revisions"}],"predecessor-version":[{"id":350705,"href":"https:\/\/richs.co.id\/en\/wp-json\/wp\/v2\/pages\/4790\/revisions\/350705"}],"wp:attachment":[{"href":"https:\/\/richs.co.id\/en\/wp-json\/wp\/v2\/media?parent=4790"}],"curies":[{"name":"wp","href":"https:\/\/api.w.org\/{rel}","templated":true}]}}